{"id":173,"date":"2025-09-30T21:45:27","date_gmt":"2025-09-30T21:45:27","guid":{"rendered":"https:\/\/lernatelier.jooswolfangel.ch\/?page_id=173"},"modified":"2026-02-19T15:12:41","modified_gmt":"2026-02-19T15:12:41","slug":"ueber-mich","status":"publish","type":"page","link":"https:\/\/lernatelier.jooswolfangel.ch\/?page_id=173","title":{"rendered":"\u00fcber mich"},"content":{"rendered":"\t\t<div data-elementor-type=\"wp-page\" data-elementor-id=\"173\" class=\"elementor elementor-173\">\n\t\t\t\t<div class=\"elementor-element elementor-element-de00705 e-flex e-con-boxed e-con e-parent\" data-id=\"de00705\" data-element_type=\"container\" data-e-type=\"container\">\n\t\t\t\t\t<div class=\"e-con-inner\">\n\t\t\t\t<div class=\"elementor-element elementor-element-79a33ee elementor-widget elementor-widget-text-editor\" data-id=\"79a33ee\" data-element_type=\"widget\" data-e-type=\"widget\" data-widget_type=\"text-editor.default\">\n\t\t\t\t\t\t\t\t\t<h3>\u00abEs gibt keine geheimen Tricks und keine Abk\u00fcrzungen. Das Wesentliche sind Motivation und Wiederholungen und Wiederholungen.\u00bb (Pedro Lenz, HEP Verlag Bern, 2021)<\/h3>\t\t\t\t\t\t\t\t<\/div>\n\t\t\t\t\t<\/div>\n\t\t\t\t<\/div>\n\t\t<div class=\"elementor-element elementor-element-8f08f5d e-grid e-con-boxed e-con e-parent\" data-id=\"8f08f5d\" data-element_type=\"container\" data-e-type=\"container\">\n\t\t\t\t\t<div class=\"e-con-inner\">\n\t\t\t\t<div class=\"elementor-element elementor-element-e22a62d elementor-widget elementor-widget-image\" data-id=\"e22a62d\" data-element_type=\"widget\" data-e-type=\"widget\" data-widget_type=\"image.default\">\n\t\t\t\t\t\t\t\t\t\t\t\t\t\t\t<img fetchpriority=\"high\" decoding=\"async\" width=\"1917\" height=\"2396\" src=\"https:\/\/lernatelier.jooswolfangel.ch\/wp-content\/uploads\/2025\/09\/Linus-Preview.jpg\" class=\"attachment-full size-full wp-image-112\" alt=\"Linus-Portr\u00e4t\" srcset=\"https:\/\/lernatelier.jooswolfangel.ch\/wp-content\/uploads\/2025\/09\/Linus-Preview.jpg 1917w, https:\/\/lernatelier.jooswolfangel.ch\/wp-content\/uploads\/2025\/09\/Linus-Preview-240x300.jpg 240w, https:\/\/lernatelier.jooswolfangel.ch\/wp-content\/uploads\/2025\/09\/Linus-Preview-819x1024.jpg 819w, https:\/\/lernatelier.jooswolfangel.ch\/wp-content\/uploads\/2025\/09\/Linus-Preview-768x960.jpg 768w, https:\/\/lernatelier.jooswolfangel.ch\/wp-content\/uploads\/2025\/09\/Linus-Preview-1229x1536.jpg 1229w, https:\/\/lernatelier.jooswolfangel.ch\/wp-content\/uploads\/2025\/09\/Linus-Preview-1639x2048.jpg 1639w\" sizes=\"(max-width: 1917px) 100vw, 1917px\" \/>\t\t\t\t\t\t\t\t\t\t\t\t\t\t\t<\/div>\n\t\t\t\t<div class=\"elementor-element elementor-element-a4741c6 elementor-widget elementor-widget-text-editor\" data-id=\"a4741c6\" data-element_type=\"widget\" data-e-type=\"widget\" data-widget_type=\"text-editor.default\">\n\t\t\t\t\t\t\t\t\t<h3>\u00dcber mich<\/h3><p>Mit einem Masterabschluss in Geografie von der Universit\u00e4t Z\u00fcrich bringe ich fundiertes Fachwissen und eine grosse Begeisterung f\u00fcr Naturwissenschaften mit. Bereits w\u00e4hrend dem Studium begleitete ich Sch\u00fcler*innen mit Nachhilfestunden und konnte einige Erfahrungen in der Unterrichtsf\u00fchrung sammeln. Es erfreut mich, junge Menschen beim Lernen zu motivieren und sie beim Erreichen ihrer Ziele zu unterst\u00fctzen. Dabei lege ich Wert auf eine positive, druckfreie Lernatmosph\u00e4re, in der Erfolgserlebnisse entstehen.\u00a0<br \/>In der Didaktikausbildung besch\u00e4ftige ich mich viel mit Lernmethoden und Strategien, die dabei helfen k\u00f6nnen den Schulstoff besser zu verinnerlichen. Dieses Wissen ist nicht nur in der Schule n\u00fctzlich, sondern kann auch im sp\u00e4teren Leben angewandt werden. Dadurch m\u00f6chte ich nachhaltiges Lernen vermitteln.<\/p><h3>Was noch?<\/h3><p>Neben dem Lernen begleitet mich die Musik seit \u00fcber 20 Jahren \u2013 ich spiele Schlagzeug und Vibraphon. In meiner Freizeit illustriere ich gerne grosse Bilder und Poster. Ausserdem bin ich sportlich aktiv und als J+S Snowboard-Instructor zertifiziert.\u00a0<\/p>\t\t\t\t\t\t\t\t<\/div>\n\t\t\t\t<div class=\"elementor-element elementor-element-ccf1680 elementor-hidden-mobile elementor-widget elementor-widget-text-editor\" data-id=\"ccf1680\" data-element_type=\"widget\" data-e-type=\"widget\" data-widget_type=\"text-editor.default\">\n\t\t\t\t\t\t\t\t\t<p>___<\/p>\t\t\t\t\t\t\t\t<\/div>\n\t\t\t\t<div class=\"elementor-element elementor-element-9f9b8d4 elementor-widget elementor-widget-text-editor\" data-id=\"9f9b8d4\" data-element_type=\"widget\" data-e-type=\"widget\" data-widget_type=\"text-editor.default\">\n\t\t\t\t\t\t\t\t\t<h2>CV<\/h2><p>Derzeit befinde ich mich im Studium zum Lehrdipolm an der ETH.<br \/>Ich habe meinen Master of Science in Geography an der Universit\u00e4t Z\u00fcrich 2023 abgeschlossen.\u00a0<br \/>Ausserdem habe ich langj\u00e4hrige Nachhilfe-Erfahrung bei Boost, Students2students, privaten Gymi-Vorbereitungen und individueller Nachhilfe gesammelt.\u00a0<\/p>\t\t\t\t\t\t\t\t<\/div>\n\t\t\t\t\t<\/div>\n\t\t\t\t<\/div>\n\t\t<div class=\"elementor-element elementor-element-7f3228c e-flex e-con-boxed e-con e-parent\" data-id=\"7f3228c\" data-element_type=\"container\" data-e-type=\"container\">\n\t\t\t\t\t<div class=\"e-con-inner\">\n\t\t\t\t<div class=\"elementor-element elementor-element-2b5c1e0 elementor-align-center elementor-widget elementor-widget-button\" data-id=\"2b5c1e0\" data-element_type=\"widget\" data-e-type=\"widget\" data-widget_type=\"button.default\">\n\t\t\t\t\t\t\t\t\t\t<a class=\"elementor-button elementor-button-link elementor-size-sm\" href=\"https:\/\/lernatelier.jooswolfangel.ch\/?page_id=210\">\n\t\t\t\t\t\t<span class=\"elementor-button-content-wrapper\">\n\t\t\t\t\t\t\t\t\t<span class=\"elementor-button-text\">Jetzt buchen<\/span>\n\t\t\t\t\t<\/span>\n\t\t\t\t\t<\/a>\n\t\t\t\t\t\t\t\t<\/div>\n\t\t\t\t\t<\/div>\n\t\t\t\t<\/div>\n\t\t\t\t<\/div>\n\t\t","protected":false},"excerpt":{"rendered":"<p>\u00abEs gibt keine geheimen Tricks und keine Abk\u00fcrzungen. Das Wesentliche sind Motivation und Wiederholungen und Wiederholungen.\u00bb (Pedro Lenz, HEP Verlag Bern, 2021) \u00dcber mich Mit einem Masterabschluss in Geografie von der Universit\u00e4t Z\u00fcrich bringe ich fundiertes Fachwissen und eine grosse Begeisterung f\u00fcr Naturwissenschaften mit. Bereits w\u00e4hrend dem Studium begleitete ich Sch\u00fcler*innen mit Nachhilfestunden und konnte [&hellip;]<\/p>\n","protected":false},"author":1,"featured_media":0,"parent":0,"menu_order":0,"comment_status":"closed","ping_status":"closed","template":"","meta":{"footnotes":""},"class_list":["post-173","page","type-page","status-publish","hentry"],"_links":{"self":[{"href":"https:\/\/lernatelier.jooswolfangel.ch\/index.php?rest_route=\/wp\/v2\/pages\/173","targetHints":{"allow":["GET"]}}],"collection":[{"href":"https:\/\/lernatelier.jooswolfangel.ch\/index.php?rest_route=\/wp\/v2\/pages"}],"about":[{"href":"https:\/\/lernatelier.jooswolfangel.ch\/index.php?rest_route=\/wp\/v2\/types\/page"}],"author":[{"embeddable":true,"href":"https:\/\/lernatelier.jooswolfangel.ch\/index.php?rest_route=\/wp\/v2\/users\/1"}],"replies":[{"embeddable":true,"href":"https:\/\/lernatelier.jooswolfangel.ch\/index.php?rest_route=%2Fwp%2Fv2%2Fcomments&post=173"}],"version-history":[{"count":67,"href":"https:\/\/lernatelier.jooswolfangel.ch\/index.php?rest_route=\/wp\/v2\/pages\/173\/revisions"}],"predecessor-version":[{"id":740,"href":"https:\/\/lernatelier.jooswolfangel.ch\/index.php?rest_route=\/wp\/v2\/pages\/173\/revisions\/740"}],"wp:attachment":[{"href":"https:\/\/lernatelier.jooswolfangel.ch\/index.php?rest_route=%2Fwp%2Fv2%2Fmedia&parent=173"}],"curies":[{"name":"wp","href":"https:\/\/api.w.org\/{rel}","templated":true}]}}